{"id":33806,"date":"2025-12-10T09:04:46","date_gmt":"2025-12-10T09:04:46","guid":{"rendered":"https:\/\/pot-srca.si\/?page_id=33806"},"modified":"2025-12-11T17:57:22","modified_gmt":"2025-12-11T17:57:22","slug":"preobrazba","status":"publish","type":"page","link":"https:\/\/pot-srca.si\/index.php\/preobrazba\/","title":{"rendered":"Preobrazba"},"content":{"rendered":"\t\t<div data-elementor-type=\"wp-page\" data-elementor-id=\"33806\" class=\"elementor elementor-33806\">\n\t\t\t\t<div class=\"elementor-element elementor-element-f2ad861 thegem-e-con-layout-thegem e-flex e-con-boxed e-con e-parent\" data-id=\"f2ad861\" data-element_type=\"container\" data-settings=\"{&quot;background_background&quot;:&quot;classic&quot;,&quot;thegem_container_layout&quot;:&quot;thegem&quot;}\">\r\n\t\t\t\t\t<div class=\"e-con-inner\">\r\n\t\t\t\t<div class=\"elementor-element elementor-element-ec55a35 flex-horizontal-align-default flex-horizontal-align-tablet-default flex-horizontal-align-mobile-default flex-vertical-align-default flex-vertical-align-tablet-default flex-vertical-align-mobile-default elementor-widget elementor-widget-heading\" data-id=\"ec55a35\" data-element_type=\"widget\" data-widget_type=\"heading.default\">\n\t\t\t\t\t<h2 class=\"elementor-heading-title elementor-size-default\">Vsakodnevni osebni cilj v teku \u017eivljenja\n<\/h2>\t\t\t\t<\/div>\n\t\t\t\t\t<\/div>\n\t\t\t\t<\/div>\n\t\t<div class=\"elementor-element elementor-element-7a682bb thegem-e-con-layout-thegem e-flex e-con-boxed e-con e-parent\" data-id=\"7a682bb\" data-element_type=\"container\" data-settings=\"{&quot;thegem_container_layout&quot;:&quot;thegem&quot;}\">\r\n\t\t\t\t\t<div class=\"e-con-inner\">\r\n\t\t<div class=\"elementor-element elementor-element-2a7a2d8 e-con-full thegem-e-con-layout-thegem e-flex e-con e-child\" data-id=\"2a7a2d8\" data-element_type=\"container\" data-settings=\"{&quot;thegem_container_layout&quot;:&quot;thegem&quot;}\">\r\n\t\t\t\t<div class=\"elementor-element elementor-element-3f663eb elementor-widget__width-initial flex-horizontal-align-default flex-horizontal-align-tablet-default flex-horizontal-align-mobile-default flex-vertical-align-default flex-vertical-align-tablet-default flex-vertical-align-mobile-default elementor-widget elementor-widget-thegem-animated-heading\" data-id=\"3f663eb\" data-element_type=\"widget\" data-widget_type=\"thegem-animated-heading.default\">\n\t\t\t\t<div class=\"elementor-widget-container\">\n\t\t\t\t\t<div class=\"thegem-heading thegem-animated-heading default\" id=\"thegem-heading-3f663eb\"><span>Vsako jutro se prebudim z ob\u010dutkom navdu\u0161enja, lahkotnosti v telesu in radovednosti nad prihajajo\u010dim dnem.<\/span> <\/div><style type=\"text\/css\">#thegem-heading-3f663eb {margin: 0;}<\/style>\t\t\t\t<\/div>\n\t\t\t\t<\/div>\n\t\t\t\t<div class=\"elementor-element elementor-element-74af01a2 elementor-widget__width-initial flex-horizontal-align-default flex-horizontal-align-tablet-default flex-horizontal-align-mobile-default flex-vertical-align-default flex-vertical-align-tablet-default flex-vertical-align-mobile-default elementor-widget elementor-widget-thegem-animated-heading\" data-id=\"74af01a2\" data-element_type=\"widget\" data-widget_type=\"thegem-animated-heading.default\">\n\t\t\t\t<div class=\"elementor-widget-container\">\n\t\t\t\t\t<div class=\"thegem-heading thegem-animated-heading styled-subtitle\" id=\"thegem-heading-74af01a2\"><span>Vsak dan bolj opa\u017eam, kako se moje po\u010dutje umirja, dviga in polni z notranjim mirom ter lahkotnostjo.<br \/>\n<br \/>\nMoje \u017eivljenje se naravno ureja in poteka v pravo smer, ker iz\u017earevam novo, preto\u010dno energijo.<br \/>\n<br \/>\nOdnose imam urejene, jih urejam, razumem za nazaj in sproti, spu\u0161\u010dam, ljubim.<br \/>\n<br \/>\nPopolnoma verjamem vase, v svoje sposobnosti in v projekte, ki jih ustvarjam ter uresni\u010dujem.<br \/>\n<br \/>\n\u017divim v obilju, hvale\u017enosti in iskrenih, toplih odnosih ter vsak dan ob\u010dudujem lepoto svojega \u017eivljenja.<br \/>\nPresegam stare omejitve in sem v toku napredka ter rasti.<br \/>\n<br \/>\n\u010cutim globok ponos, ker sem povezana s svojo resni\u010dno potjo in popolnoma jasna glede tega, kaj \u017eelim po\u010deti v \u017eivljenju.<\/span> <\/div><style type=\"text\/css\">#thegem-heading-74af01a2 {margin: 0;}<\/style>\t\t\t\t<\/div>\n\t\t\t\t<\/div>\n\t\t\t\t<\/div>\n\t\t<div class=\"elementor-element elementor-element-45b39a2 e-con-full thegem-e-con-layout-thegem e-flex e-con e-child\" data-id=\"45b39a2\" data-element_type=\"container\" data-settings=\"{&quot;thegem_container_layout&quot;:&quot;thegem&quot;}\">\r\n\t\t\t\t<div class=\"elementor-element elementor-element-0dc90c3 elementor-widget__width-initial flex-horizontal-align-default flex-horizontal-align-tablet-default flex-horizontal-align-mobile-default flex-vertical-align-default flex-vertical-align-tablet-default flex-vertical-align-mobile-default elementor-widget elementor-widget-thegem-animated-heading\" data-id=\"0dc90c3\" data-element_type=\"widget\" data-widget_type=\"thegem-animated-heading.default\">\n\t\t\t\t<div class=\"elementor-widget-container\">\n\t\t\t\t\t<div class=\"thegem-heading thegem-animated-heading default\" id=\"thegem-heading-0dc90c3\"><span>\u017divim \u017eivljenje brez vsakodnevne anksioznosti, z ob\u010dutkom svobode, spro\u0161\u010denosti in notranjega ravnovesja<\/span> <\/div><style type=\"text\/css\">#thegem-heading-0dc90c3 {margin: 0;}<\/style>\t\t\t\t<\/div>\n\t\t\t\t<\/div>\n\t\t\t\t<div class=\"elementor-element elementor-element-784db04 flex-horizontal-align-default flex-horizontal-align-tablet-default flex-horizontal-align-mobile-default flex-vertical-align-default flex-vertical-align-tablet-default flex-vertical-align-mobile-default elementor-widget elementor-widget-thegem-animated-heading\" data-id=\"784db04\" data-element_type=\"widget\" data-widget_type=\"thegem-animated-heading.default\">\n\t\t\t\t<div class=\"elementor-widget-container\">\n\t\t\t\t\t<div class=\"thegem-heading thegem-animated-heading styled-subtitle\" id=\"thegem-heading-784db04\"><span>Praznujem nova spoznanja o sebi in vem, da me preteklost ne omejuje ve\u010d, zdaj je moj temelj mo\u010di in modrosti.<br \/>\n<br \/>\nV sebi nosim stabilno samozavest, tako v karieri kot v zasebnem \u017eivljenju.<br \/>\n<br \/>\nMoji odnosi so harmoni\u010dni, v njih pa jasno in z ljubeznijo izra\u017eam sebe, svoje meje in svoje \u017eelje.<br \/>\n<br \/>\nDosegam opazne uspehe in preboje na poslovnem podro\u010dju ter ustvarjam delo, ki me resni\u010dno navdihuje.<\/span> <\/div><style type=\"text\/css\">#thegem-heading-784db04 {margin: 0;}<\/style>\t\t\t\t<\/div>\n\t\t\t\t<\/div>\n\t\t\t\t<div class=\"elementor-element elementor-element-332d3a9 elementor-widget__width-initial flex-horizontal-align-default flex-horizontal-align-tablet-default flex-horizontal-align-mobile-default flex-vertical-align-default flex-vertical-align-tablet-default flex-vertical-align-mobile-default elementor-widget elementor-widget-thegem-animated-heading\" data-id=\"332d3a9\" data-element_type=\"widget\" data-widget_type=\"thegem-animated-heading.default\">\n\t\t\t\t<div class=\"elementor-widget-container\">\n\t\t\t\t\t<div class=\"thegem-heading thegem-animated-heading default\" id=\"thegem-heading-332d3a9\"><span>Zavedam se, kako pomembna je skupnost, kako se energija pomnogoteri, in da smo ljudje tukaj z istim namenom, da smo zdravi v duhu in telesu, radostni in se vse \u017eivljenje u\u010dimo o sebi in \u017eivljenju.<\/span> <\/div><style type=\"text\/css\">#thegem-heading-332d3a9 {margin: 0;}<\/style>\t\t\t\t<\/div>\n\t\t\t\t<\/div>\n\t\t\t\t<\/div>\n\t\t\t\t\t<\/div>\n\t\t\t\t<\/div>\n\t\t<div class=\"elementor-element elementor-element-c3f2462 thegem-e-con-layout-thegem e-flex e-con-boxed e-con e-child\" data-id=\"c3f2462\" data-element_type=\"container\" data-settings=\"{&quot;background_background&quot;:&quot;classic&quot;,&quot;thegem_container_layout&quot;:&quot;thegem&quot;}\">\r\n\t\t\t\t\t<div class=\"e-con-inner\">\r\n\t\t<div class=\"elementor-element elementor-element-7c520b8 e-con-full thegem-e-con-layout-thegem e-flex e-con e-child\" data-id=\"7c520b8\" data-element_type=\"container\" data-settings=\"{&quot;thegem_container_layout&quot;:&quot;thegem&quot;}\">\r\n\t\t<div class=\"elementor-element elementor-element-6f31ca0 e-con-full thegem-e-con-layout-elementor e-flex e-con e-child\" data-id=\"6f31ca0\" data-element_type=\"container\" data-settings=\"{&quot;thegem_container_layout&quot;:&quot;elementor&quot;}\">\r\n\t\t<div class=\"elementor-element elementor-element-91e4152 e-con-full thegem-e-con-layout-thegem e-flex e-con e-child\" data-id=\"91e4152\" data-element_type=\"container\" data-settings=\"{&quot;background_background&quot;:&quot;classic&quot;,&quot;thegem_container_layout&quot;:&quot;thegem&quot;}\">\r\n\t\t\t\t<div class=\"elementor-element elementor-element-92d1b87 flex-horizontal-align-default flex-horizontal-align-tablet-default flex-horizontal-align-mobile-default flex-vertical-align-default flex-vertical-align-tablet-default flex-vertical-align-mobile-default elementor-widget elementor-widget-thegem-animated-heading\" data-id=\"92d1b87\" data-element_type=\"widget\" data-widget_type=\"thegem-animated-heading.default\">\n\t\t\t\t<div class=\"elementor-widget-container\">\n\t\t\t\t\t<div class=\"thegem-heading thegem-animated-heading title-h2\" id=\"thegem-heading-92d1b87\"><span class=\"colored\" style=\"color: #FFFFFF;\">Nauk, ki je v meni pustil sled:<\/span> <\/div><style type=\"text\/css\">#thegem-heading-92d1b87 {margin: 0;}#thegem-heading-92d1b87 {margin-left: auto; margin-right: auto;}#thegem-heading-92d1b87 > * {justify-content: center;}<\/style>\t\t\t\t<\/div>\n\t\t\t\t<\/div>\n\t\t\t\t<div class=\"elementor-element elementor-element-4fcce8f elementor-widget__width-initial flex-horizontal-align-default flex-horizontal-align-tablet-default flex-horizontal-align-mobile-default flex-vertical-align-default flex-vertical-align-tablet-default flex-vertical-align-mobile-default elementor-widget elementor-widget-thegem-animated-heading\" data-id=\"4fcce8f\" data-element_type=\"widget\" data-widget_type=\"thegem-animated-heading.default\">\n\t\t\t\t<div class=\"elementor-widget-container\">\n\t\t\t\t\t<div class=\"thegem-heading thegem-animated-heading styled-subtitle\" id=\"thegem-heading-4fcce8f\"><span class=\"colored\" style=\"color: #FFFFFF;\">S tem na\u010dinom, z izbiro TE poti, ki smo jo prehodili do sedaj, smo prispeli do TUKAJ, \u010das je da SPREMENIMO za nianso smer, vibracijo, \u2026 in pot se bo spremenila. Prisluhni srcu in \u017eivljenju, ki Te vabi in kli\u010de.<\/span> <\/div><style type=\"text\/css\">#thegem-heading-4fcce8f {margin: 0;}<\/style>\t\t\t\t<\/div>\n\t\t\t\t<\/div>\n\t\t\t\t<\/div>\n\t\t<div class=\"elementor-element elementor-element-6bcfd6f e-con-full thegem-e-con-layout-thegem e-flex e-con e-child\" data-id=\"6bcfd6f\" data-element_type=\"container\" data-settings=\"{&quot;background_background&quot;:&quot;classic&quot;,&quot;thegem_container_layout&quot;:&quot;thegem&quot;}\">\r\n\t\t\t\t<\/div>\n\t\t\t\t<\/div>\n\t\t<div class=\"elementor-element elementor-element-e58b52c e-con-full thegem-e-con-layout-thegem e-flex e-con e-child\" data-id=\"e58b52c\" data-element_type=\"container\" data-settings=\"{&quot;background_background&quot;:&quot;classic&quot;,&quot;thegem_container_layout&quot;:&quot;thegem&quot;}\">\r\n\t\t\t\t<div class=\"elementor-element elementor-element-4252166 elementor-widget__width-initial flex-horizontal-align-default flex-horizontal-align-tablet-default flex-horizontal-align-mobile-default flex-vertical-align-default flex-vertical-align-tablet-default flex-vertical-align-mobile-default elementor-widget elementor-widget-thegem-animated-heading\" data-id=\"4252166\" data-element_type=\"widget\" data-widget_type=\"thegem-animated-heading.default\">\n\t\t\t\t<div class=\"elementor-widget-container\">\n\t\t\t\t\t<div class=\"thegem-heading thegem-animated-heading title-h2\" id=\"thegem-heading-4252166\"><span class=\"colored\" style=\"color: #FFFFFF;\">Kaj si \u017eeli\u0161 Ti?<br \/>\nVe\u0161? Vem. Ho\u010de\u0161? Ho\u010dem. Bo\u0161? Bom. Grem.<\/span> <\/div><style type=\"text\/css\">#thegem-heading-4252166 {margin: 0;}#thegem-heading-4252166 {margin-left: auto; margin-right: auto;}#thegem-heading-4252166 > * {justify-content: center;}<\/style>\t\t\t\t<\/div>\n\t\t\t\t<\/div>\n\t\t\t\t<\/div>\n\t\t\t\t<\/div>\n\t\t\t\t\t<\/div>\n\t\t\t\t<\/div>\n\t\t<div class=\"elementor-element elementor-element-951a72a thegem-e-con-layout-thegem e-flex e-con-boxed e-con e-parent\" data-id=\"951a72a\" data-element_type=\"container\" data-settings=\"{&quot;thegem_container_layout&quot;:&quot;thegem&quot;}\">\r\n\t\t\t\t\t<div class=\"e-con-inner\">\r\n\t\t<div class=\"elementor-element elementor-element-f06f83f e-con-full thegem-e-con-layout-thegem e-flex e-con e-child\" data-id=\"f06f83f\" data-element_type=\"container\" data-settings=\"{&quot;thegem_container_layout&quot;:&quot;thegem&quot;}\">\r\n\t\t\t\t<div class=\"elementor-element elementor-element-fa82cec flex-horizontal-align-default flex-horizontal-align-tablet-default flex-horizontal-align-mobile-default flex-vertical-align-default flex-vertical-align-tablet-default flex-vertical-align-mobile-default elementor-widget elementor-widget-heading\" data-id=\"fa82cec\" data-element_type=\"widget\" data-widget_type=\"heading.default\">\n\t\t\t\t\t<h2 class=\"elementor-heading-title elementor-size-default\">Cilji skupine\n<\/h2>\t\t\t\t<\/div>\n\t\t\t\t<div class=\"elementor-element elementor-element-927005d flex-horizontal-align-default flex-horizontal-align-tablet-default flex-horizontal-align-mobile-default flex-vertical-align-default flex-vertical-align-tablet-default flex-vertical-align-mobile-default elementor-widget elementor-widget-thegem-animated-heading\" data-id=\"927005d\" data-element_type=\"widget\" data-widget_type=\"thegem-animated-heading.default\">\n\t\t\t\t<div class=\"elementor-widget-container\">\n\t\t\t\t\t<div class=\"thegem-heading thegem-animated-heading styled-subtitle\" id=\"thegem-heading-927005d\"><span>Zavedam se, da je vsaka osebna rast proces, ki zahteva predanost in pripravljenost na spremembe. <br \/>\n<br \/>\nZato sem pripravljena sodelovati z odprtim srcem in radovednostjo ter prispevati k pozitivnemu vzdu\u0161ju programa.<br \/>\n<br \/>\nNajlep\u0161a hvala za prilo\u017enost, da se predstavim in izrazim svojo \u017eeljo. Veselim se Vas ter prilo\u017enosti, da skupaj ustvarimo nepozabne trenutke \u017eivljenja.<br \/>\n<br \/>\nNaj bo va\u0161e leto poleg neprecenljivega zdravja, polno smeha, novega znanja in \u010dudovitih trenutkov s prijateljicami, du\u0161nimi sestrami, z nami.<br \/>\n<br \/>\n\u017delim si, da bi skupaj zgradile edinstveno skupnost, &quot;vse za eno, ena za vse&quot;.<br \/>\nTako veliko sr\u010dnih dam na kupu je pravi blagoslov imeti.<br \/>\n<br \/>\nTo je moja sr\u010dna \u017eelja za leto 2026.<br \/>\n<br \/>\nSkupnost sr\u010dnih dam, ki temelji na resnici in ljubezni, s podporo angelov, plutja v visokih vibracijah, bo prineslo neizmerno podporo, navdih in mo\u010d, s tem pa bo pri\u0161lo naproti Vse kar potrebujemo in to zame pomeni \u017dIVLJENJE.<br \/>\n<\/span> <\/div><style type=\"text\/css\">#thegem-heading-927005d {margin: 0;}<\/style>\t\t\t\t<\/div>\n\t\t\t\t<\/div>\n\t\t\t\t<\/div>\n\t\t<div class=\"elementor-element elementor-element-5539046 e-con-full thegem-e-con-layout-thegem e-flex e-con e-child\" data-id=\"5539046\" data-element_type=\"container\" data-settings=\"{&quot;thegem_container_layout&quot;:&quot;thegem&quot;}\">\r\n\t\t\t\t<div class=\"elementor-element elementor-element-27f720a flex-horizontal-align-default flex-horizontal-align-tablet-default flex-horizontal-align-mobile-default flex-vertical-align-default flex-vertical-align-tablet-default flex-vertical-align-mobile-default elementor-widget elementor-widget-thegem-animated-heading\" data-id=\"27f720a\" data-element_type=\"widget\" data-widget_type=\"thegem-animated-heading.default\">\n\t\t\t\t<div class=\"elementor-widget-container\">\n\t\t\t\t\t<div class=\"thegem-heading thegem-animated-heading styled-subtitle\" id=\"thegem-heading-27f720a\"><span>Tako bomo skupaj:<br \/>\n\u2022 raziskovale sebe in gradile na svojem samospo\u0161tovanju,<br \/>\n\u2022 dolo\u010dale cilje, ki so pomembni vsaki izmed nas,<br \/>\n\u2022 se podpirale na poti do teh ciljev,<br \/>\n\u2022 verjamem v program, ki spodbuja osebno rast, krepi samospo\u0161tovanja ter dolo\u010da osebne cilje,<br \/>\n\u2022 se dru\u017eile v varnem in spodbudnem okolju ter<br \/>\n\u2022 skupaj rastle skozi izobra\u017eevanja, delavnice in pogovore,<br \/>\n\u2022 se pri vsem tem zabavale,<br \/>\n\u2022 verjamem, da bo tak\u0161na izku\u0161nja prinesla novo energijo v na\u0161a \u017eivljenja, <br \/>\n\u2022 verjamem, da bomo imele prvo pokazati kaj sebi, nato pa se bo govorilo o nas, ker bomo pomagale tudi drugi,<br \/>\n\u2022 verjamem, da je prav tak\u0161en prostor, ki ga bomo ponujale, klju\u010dnega pomena za vsako posameznico, ki si \u017eeli rasti, se izobra\u017eevati in graditi trdnej\u0161e odnose, tako s seboj kot z drugimi,<br \/>\n \u2022 verjamem da smo vse v obdobju, ko si \u017eelimo narediti korake naprej, zase, za svojo samopodobo in za medsebojno podporo, <br \/>\n\u2022 verjamem, da lahko kot skupina ne le izkoristimo prednosti programa, temve\u010d ga obogatimo tudi z na\u0161imi izku\u0161njami, odprtostjo in medsebojno energijo,<br \/>\n\u2022 za nas ta program predstavlja ve\u010d kot le izobra\u017eevalni proces,<br \/>\n\u2022 gradile bomo povezanost z ljudmi, ki stremijo k podobnim vrednotam,<br \/>\n\u2022 dobrodelnost ter pomo\u010d drugim.<br \/>\n<\/span> <\/div><style type=\"text\/css\">#thegem-heading-27f720a {margin: 0;}<\/style>\t\t\t\t<\/div>\n\t\t\t\t<\/div>\n\t\t\t\t<\/div>\n\t\t\t\t\t<\/div>\n\t\t\t\t<\/div>\n\t\t<div class=\"elementor-element elementor-element-5702940 thegem-e-con-layout-thegem e-flex e-con-boxed e-con e-parent\" data-id=\"5702940\" data-element_type=\"container\" data-settings=\"{&quot;thegem_container_layout&quot;:&quot;thegem&quot;}\">\r\n\t\t\t\t\t<div class=\"e-con-inner\">\r\n\t\t\t\t<div class=\"elementor-element elementor-element-0916e46 flex-horizontal-align-default flex-horizontal-align-tablet-default flex-horizontal-align-mobile-default flex-vertical-align-default flex-vertical-align-tablet-default flex-vertical-align-mobile-default elementor-widget elementor-widget-spacer\" data-id=\"0916e46\" data-element_type=\"widget\" data-widget_type=\"spacer.default\">\n\t\t\t\t<div class=\"elementor-widget-container\">\n\t\t\t\t\t\t\t<div class=\"elementor-spacer\">\n\t\t\t<div class=\"elementor-spacer-inner\"><\/div>\n\t\t<\/div>\n\t\t\t\t\t\t<\/div>\n\t\t\t\t<\/div>\n\t\t\t\t\t<\/div>\n\t\t\t\t<\/div>\n\t\t\t\t<\/div>\n\t\t","protected":false},"excerpt":{"rendered":"<p>Vsakodnevni osebni cilj v teku \u017eivljenja Vsako jutro se prebudim z ob\u010dutkom navdu\u0161enja, lahkotnosti v telesu in radovednosti nad prihajajo\u010dim&#8230;<\/p>\n","protected":false},"author":1,"featured_media":33196,"parent":0,"menu_order":0,"comment_status":"closed","ping_status":"closed","template":"","meta":{"footnotes":""},"class_list":["post-33806","page","type-page","status-publish","has-post-thumbnail"],"_links":{"self":[{"href":"https:\/\/pot-srca.si\/index.php\/wp-json\/wp\/v2\/pages\/33806","targetHints":{"allow":["GET"]}}],"collection":[{"href":"https:\/\/pot-srca.si\/index.php\/wp-json\/wp\/v2\/pages"}],"about":[{"href":"https:\/\/pot-srca.si\/index.php\/wp-json\/wp\/v2\/types\/page"}],"author":[{"embeddable":true,"href":"https:\/\/pot-srca.si\/index.php\/wp-json\/wp\/v2\/users\/1"}],"replies":[{"embeddable":true,"href":"https:\/\/pot-srca.si\/index.php\/wp-json\/wp\/v2\/comments?post=33806"}],"version-history":[{"count":189,"href":"https:\/\/pot-srca.si\/index.php\/wp-json\/wp\/v2\/pages\/33806\/revisions"}],"predecessor-version":[{"id":34481,"href":"https:\/\/pot-srca.si\/index.php\/wp-json\/wp\/v2\/pages\/33806\/revisions\/34481"}],"wp:featuredmedia":[{"embeddable":true,"href":"https:\/\/pot-srca.si\/index.php\/wp-json\/wp\/v2\/media\/33196"}],"wp:attachment":[{"href":"https:\/\/pot-srca.si\/index.php\/wp-json\/wp\/v2\/media?parent=33806"}],"curies":[{"name":"wp","href":"https:\/\/api.w.org\/{rel}","templated":true}]}}