{"id":30409,"date":"2025-09-12T12:04:44","date_gmt":"2025-09-12T12:04:44","guid":{"rendered":"https:\/\/democontent.codex-themes.com\/sites-elementor-v5\/health-wellness-coach\/?page_id=30409"},"modified":"2025-12-10T11:59:16","modified_gmt":"2025-12-10T11:59:16","slug":"vizualizacija-manifestacija-zakon-privlacnosti","status":"publish","type":"page","link":"https:\/\/pot-srca.si\/index.php\/vizualizacija-manifestacija-zakon-privlacnosti\/","title":{"rendered":"Vizualizacija, manifestacija, zakon privla\u010dnosti"},"content":{"rendered":"\t\t<div data-elementor-type=\"wp-page\" data-elementor-id=\"30409\" class=\"elementor elementor-30409\">\n\t\t\t\t<div class=\"elementor-element elementor-element-cd69859 thegem-e-con-layout-thegem e-flex e-con-boxed elementor-invisible e-con e-parent\" data-id=\"cd69859\" data-element_type=\"container\" data-settings=\"{&quot;animation&quot;:&quot;fadeIn&quot;,&quot;animation_delay&quot;:500,&quot;thegem_container_layout&quot;:&quot;thegem&quot;}\">\r\n\t\t\t\t\t<div class=\"e-con-inner\">\r\n\t\t<div class=\"elementor-element elementor-element-6a08a9f e-con-full thegem-e-con-layout-thegem e-flex e-con e-child\" data-id=\"6a08a9f\" data-element_type=\"container\" data-settings=\"{&quot;thegem_container_layout&quot;:&quot;thegem&quot;}\">\r\n\t\t\t\t<div class=\"elementor-element elementor-element-4479a93 flex-horizontal-align-default flex-horizontal-align-tablet-default flex-horizontal-align-mobile-default flex-vertical-align-default flex-vertical-align-tablet-default flex-vertical-align-mobile-default elementor-widget elementor-widget-thegem-animated-heading\" data-id=\"4479a93\" data-element_type=\"widget\" data-widget_type=\"thegem-animated-heading.default\">\n\t\t\t\t<div class=\"elementor-widget-container\">\n\t\t\t\t\t<h2 class=\"thegem-heading thegem-animated-heading title-h2\" id=\"thegem-heading-4479a93\"><span>Dvomi vase so stvar preteklosti, nova realnost je vera vase.<\/span> <\/h2><style type=\"text\/css\">#thegem-heading-4479a93 {margin: 0;}<\/style>\t\t\t\t<\/div>\n\t\t\t\t<\/div>\n\t\t\t\t<div class=\"elementor-element elementor-element-0764a48 flex-horizontal-align-default flex-horizontal-align-tablet-default flex-horizontal-align-mobile-default flex-vertical-align-default flex-vertical-align-tablet-default flex-vertical-align-mobile-default elementor-widget elementor-widget-thegem-animated-heading\" data-id=\"0764a48\" data-element_type=\"widget\" data-widget_type=\"thegem-animated-heading.default\">\n\t\t\t\t<div class=\"elementor-widget-container\">\n\t\t\t\t\t<div class=\"thegem-heading thegem-animated-heading styled-subtitle\" id=\"thegem-heading-0764a48\"><span>Malo truda je del procesa, vendar ve\u010d naprezanja ne prinese ve\u010d lahkotnosti, \u010dude\u017eev ali magnetizma. Klju\u010d je hvale\u017enost, notranja predaja trenutku.<br \/>\n<br \/>\nKot poudarja Lacy Phillips, predaja pomeni ceniti svoje zmage, opaziti svojo rast in zaupati, da ima \u017eivljenje popoln \u010das. Ni pasivnost, temve\u010d energija \u010dloveka, ki \u017ee utele\u0161a svojo mo\u010d in je pripravljen sprejeti ve\u010d.<br \/>\n<br \/>\n<br \/>\n<\/span> <\/div><style type=\"text\/css\">#thegem-heading-0764a48 {margin: 0;}<\/style>\t\t\t\t<\/div>\n\t\t\t\t<\/div>\n\t\t<div class=\"elementor-element elementor-element-1225d33 e-con-full thegem-e-con-layout-thegem e-flex e-con e-child\" data-id=\"1225d33\" data-element_type=\"container\" data-settings=\"{&quot;background_background&quot;:&quot;classic&quot;,&quot;thegem_container_layout&quot;:&quot;thegem&quot;}\">\r\n\t\t\t\t<div class=\"elementor-element elementor-element-bb65231 elementor-absolute flex-horizontal-align-default flex-horizontal-align-tablet-default flex-horizontal-align-mobile-default flex-vertical-align-default flex-vertical-align-tablet-default flex-vertical-align-mobile-default elementor-widget elementor-widget-image\" data-id=\"bb65231\" data-element_type=\"widget\" data-settings=\"{&quot;_position&quot;:&quot;absolute&quot;}\" data-widget_type=\"image.default\">\n\t\t\t\t\t\t\t\t\t\t\t\t\t\t\t<img width=\"60\" height=\"60\" src=\"https:\/\/pot-srca.si\/wp-content\/uploads\/2025\/09\/srce2.png\" class=\"attachment-full size-full wp-image-33247\" alt=\"\" \/>\t\t\t\t\t\t\t\t\t\t\t\t\t\t\t<\/div>\n\t\t\t\t<div class=\"elementor-element elementor-element-41b657d flex-horizontal-align-default flex-horizontal-align-tablet-default flex-horizontal-align-mobile-default flex-vertical-align-default flex-vertical-align-tablet-default flex-vertical-align-mobile-default elementor-widget elementor-widget-thegem-animated-heading\" data-id=\"41b657d\" data-element_type=\"widget\" data-widget_type=\"thegem-animated-heading.default\">\n\t\t\t\t<div class=\"elementor-widget-container\">\n\t\t\t\t\t<div class=\"thegem-heading thegem-animated-heading title-h2\" id=\"thegem-heading-41b657d\"><span class=\"colored\" style=\"color: #FFFFFF;\">Dvomi vase so stvar preteklosti, nova realnost je vera vase.<\/span> <\/div><style type=\"text\/css\">#thegem-heading-41b657d {margin: 0;}<\/style>\t\t\t\t<\/div>\n\t\t\t\t<\/div>\n\t\t\t\t<\/div>\n\t\t\t\t<div class=\"elementor-element elementor-element-65c9770 flex-horizontal-align-default flex-horizontal-align-tablet-default flex-horizontal-align-mobile-default flex-vertical-align-default flex-vertical-align-tablet-default flex-vertical-align-mobile-default elementor-widget elementor-widget-thegem-animated-heading\" data-id=\"65c9770\" data-element_type=\"widget\" data-widget_type=\"thegem-animated-heading.default\">\n\t\t\t\t<div class=\"elementor-widget-container\">\n\t\t\t\t\t<div class=\"thegem-heading thegem-animated-heading styled-subtitle\" id=\"thegem-heading-65c9770\"><span>Ko manifestiramo iz pomanjkanja ali panike, odbijamo tisto, kar si \u017eelimo. Hvale\u017enost pa nas prestavi iz \u201czakaj \u0161e ni tu?\u201d v \u201cpoglej, kaj \u017ee imam\u201d in nas vrne v ob\u010dutek zadostnosti. Velikokrat imamo \u017ee dovolj dokazov, da se na\u0161e \u017eivljenje premika naprej \u2013 le pozabili smo jih videti.<br \/>\nNapredek so majhni, subtilni premiki, ki se s\u010dasoma se\u0161tejejo. Zato je prisotnost najmo\u010dnej\u0161a duhovna praksa: opaziti lepoto trenutka in rasti, ki se dogaja zdaj.<br \/>\n<br \/>\n&quot;Sindrom sre\u010dne pun\u010dke&quot; zdru\u017euje zakon privla\u010dnosti in zakon predpostavke: pozitivno mi\u0161ljenje privla\u010di pozitivne rezultate, tisto, kar imamo za resni\u010dno, pa s\u010dasoma postane na\u0161a realnost. Optimizem in osredoto\u010denost na dobro sta lahko izjemna podpora samozavesti, notranjemu miru in osebni rasti. Do konkretnega cilja pa gremo s planom in trdim delom. <br \/>\n<br \/>\n<\/span> <\/div><style type=\"text\/css\">#thegem-heading-65c9770 {margin: 0;}<\/style>\t\t\t\t<\/div>\n\t\t\t\t<\/div>\n\t\t\t\t<\/div>\n\t\t<div class=\"elementor-element elementor-element-f35a0ea e-con-full thegem-e-con-layout-thegem e-flex e-con e-child\" data-id=\"f35a0ea\" data-element_type=\"container\" data-settings=\"{&quot;thegem_container_layout&quot;:&quot;thegem&quot;}\">\r\n\t\t\t\t<div class=\"elementor-element elementor-element-1c32448 flex-horizontal-align-default flex-horizontal-align-tablet-default flex-horizontal-align-mobile-default flex-vertical-align-default flex-vertical-align-tablet-default flex-vertical-align-mobile-default elementor-widget elementor-widget-thegem-animated-heading\" data-id=\"1c32448\" data-element_type=\"widget\" data-widget_type=\"thegem-animated-heading.default\">\n\t\t\t\t<div class=\"elementor-widget-container\">\n\t\t\t\t\t<div class=\"thegem-heading thegem-animated-heading styled-subtitle\" id=\"thegem-heading-1c32448\"><span>Manifestiranje in afirmacije sta pomembna dela te prakse. Ko usmerimo energijo v to, kar si \u017eelimo, in za\u010dutimo, kako bi nas to emocionalno spremenilo, dobimo jasnost in la\u017eje sprejmemo odlo\u010ditve, ki nas premikajo naprej. Afirmacije morajo biti zapisane pozitivno, v sedanjiku, in vedno podprte z resni\u010dnim delom na sebi. <br \/>\n<br \/>\nPrimeri preprostih afirmacij:<br \/>\n<\/span> <\/div><style type=\"text\/css\">#thegem-heading-1c32448 {margin: 0;}<\/style>\t\t\t\t<\/div>\n\t\t\t\t<\/div>\n\t\t\t\t<div class=\"elementor-element elementor-element-ab608b0 elementor-icon-list--layout-traditional elementor-list-item-link-full_width flex-horizontal-align-default flex-horizontal-align-tablet-default flex-horizontal-align-mobile-default flex-vertical-align-default flex-vertical-align-tablet-default flex-vertical-align-mobile-default elementor-widget elementor-widget-icon-list\" data-id=\"ab608b0\" data-element_type=\"widget\" data-widget_type=\"icon-list.default\">\n\t\t\t\t\t\t\t<ul class=\"elementor-icon-list-items\">\n\t\t\t\t\t\t\t<li class=\"elementor-icon-list-item\">\n\t\t\t\t\t\t\t\t\t\t\t<span class=\"elementor-icon-list-icon\">\n\t\t\t\t\t\t\t<svg aria-hidden=\"true\" class=\"e-font-icon-svg e-far-heart\" viewBox=\"0 0 512 512\" xmlns=\"http:\/\/www.w3.org\/2000\/svg\"><path d=\"M458.4 64.3C400.6 15.7 311.3 23 256 79.3 200.7 23 111.4 15.6 53.6 64.3-21.6 127.6-10.6 230.8 43 285.5l175.4 178.7c10 10.2 23.4 15.9 37.6 15.9 14.3 0 27.6-5.6 37.6-15.8L469 285.6c53.5-54.7 64.7-157.9-10.6-221.3zm-23.6 187.5L259.4 430.5c-2.4 2.4-4.4 2.4-6.8 0L77.2 251.8c-36.5-37.2-43.9-107.6 7.3-150.7 38.9-32.7 98.9-27.8 136.5 10.5l35 35.7 35-35.7c37.8-38.5 97.8-43.2 136.5-10.6 51.1 43.1 43.5 113.9 7.3 150.8z\"><\/path><\/svg>\t\t\t\t\t\t<\/span>\n\t\t\t\t\t\t\t\t\t\t<span class=\"elementor-icon-list-text\">Sem sre\u010dna in podprta<\/span>\n\t\t\t\t\t\t\t\t\t<\/li>\n\t\t\t\t\t\t\t\t<li class=\"elementor-icon-list-item\">\n\t\t\t\t\t\t\t\t\t\t\t<span class=\"elementor-icon-list-icon\">\n\t\t\t\t\t\t\t<svg aria-hidden=\"true\" class=\"e-font-icon-svg e-far-heart\" viewBox=\"0 0 512 512\" xmlns=\"http:\/\/www.w3.org\/2000\/svg\"><path d=\"M458.4 64.3C400.6 15.7 311.3 23 256 79.3 200.7 23 111.4 15.6 53.6 64.3-21.6 127.6-10.6 230.8 43 285.5l175.4 178.7c10 10.2 23.4 15.9 37.6 15.9 14.3 0 27.6-5.6 37.6-15.8L469 285.6c53.5-54.7 64.7-157.9-10.6-221.3zm-23.6 187.5L259.4 430.5c-2.4 2.4-4.4 2.4-6.8 0L77.2 251.8c-36.5-37.2-43.9-107.6 7.3-150.7 38.9-32.7 98.9-27.8 136.5 10.5l35 35.7 35-35.7c37.8-38.5 97.8-43.2 136.5-10.6 51.1 43.1 43.5 113.9 7.3 150.8z\"><\/path><\/svg>\t\t\t\t\t\t<\/span>\n\t\t\t\t\t\t\t\t\t\t<span class=\"elementor-icon-list-text\">Vse se izide v moje najvi\u0161je dobro<\/span>\n\t\t\t\t\t\t\t\t\t<\/li>\n\t\t\t\t\t\t\t\t<li class=\"elementor-icon-list-item\">\n\t\t\t\t\t\t\t\t\t\t\t<span class=\"elementor-icon-list-icon\">\n\t\t\t\t\t\t\t<svg aria-hidden=\"true\" class=\"e-font-icon-svg e-far-heart\" viewBox=\"0 0 512 512\" xmlns=\"http:\/\/www.w3.org\/2000\/svg\"><path d=\"M458.4 64.3C400.6 15.7 311.3 23 256 79.3 200.7 23 111.4 15.6 53.6 64.3-21.6 127.6-10.6 230.8 43 285.5l175.4 178.7c10 10.2 23.4 15.9 37.6 15.9 14.3 0 27.6-5.6 37.6-15.8L469 285.6c53.5-54.7 64.7-157.9-10.6-221.3zm-23.6 187.5L259.4 430.5c-2.4 2.4-4.4 2.4-6.8 0L77.2 251.8c-36.5-37.2-43.9-107.6 7.3-150.7 38.9-32.7 98.9-27.8 136.5 10.5l35 35.7 35-35.7c37.8-38.5 97.8-43.2 136.5-10.6 51.1 43.1 43.5 113.9 7.3 150.8z\"><\/path><\/svg>\t\t\t\t\t\t<\/span>\n\t\t\t\t\t\t\t\t\t\t<span class=\"elementor-icon-list-text\">Moje sanje se uresni\u010dujejo<\/span>\n\t\t\t\t\t\t\t\t\t<\/li>\n\t\t\t\t\t\t\t\t<li class=\"elementor-icon-list-item\">\n\t\t\t\t\t\t\t\t\t\t\t<span class=\"elementor-icon-list-icon\">\n\t\t\t\t\t\t\t<svg aria-hidden=\"true\" class=\"e-font-icon-svg e-far-heart\" viewBox=\"0 0 512 512\" xmlns=\"http:\/\/www.w3.org\/2000\/svg\"><path d=\"M458.4 64.3C400.6 15.7 311.3 23 256 79.3 200.7 23 111.4 15.6 53.6 64.3-21.6 127.6-10.6 230.8 43 285.5l175.4 178.7c10 10.2 23.4 15.9 37.6 15.9 14.3 0 27.6-5.6 37.6-15.8L469 285.6c53.5-54.7 64.7-157.9-10.6-221.3zm-23.6 187.5L259.4 430.5c-2.4 2.4-4.4 2.4-6.8 0L77.2 251.8c-36.5-37.2-43.9-107.6 7.3-150.7 38.9-32.7 98.9-27.8 136.5 10.5l35 35.7 35-35.7c37.8-38.5 97.8-43.2 136.5-10.6 51.1 43.1 43.5 113.9 7.3 150.8z\"><\/path><\/svg>\t\t\t\t\t\t<\/span>\n\t\t\t\t\t\t\t\t\t\t<span class=\"elementor-icon-list-text\">Privla\u010dim ljubezen, mir in obilje<\/span>\n\t\t\t\t\t\t\t\t\t<\/li>\n\t\t\t\t\t\t\t\t<li class=\"elementor-icon-list-item\">\n\t\t\t\t\t\t\t\t\t\t\t<span class=\"elementor-icon-list-icon\">\n\t\t\t\t\t\t\t<svg aria-hidden=\"true\" class=\"e-font-icon-svg e-far-heart\" viewBox=\"0 0 512 512\" xmlns=\"http:\/\/www.w3.org\/2000\/svg\"><path d=\"M458.4 64.3C400.6 15.7 311.3 23 256 79.3 200.7 23 111.4 15.6 53.6 64.3-21.6 127.6-10.6 230.8 43 285.5l175.4 178.7c10 10.2 23.4 15.9 37.6 15.9 14.3 0 27.6-5.6 37.6-15.8L469 285.6c53.5-54.7 64.7-157.9-10.6-221.3zm-23.6 187.5L259.4 430.5c-2.4 2.4-4.4 2.4-6.8 0L77.2 251.8c-36.5-37.2-43.9-107.6 7.3-150.7 38.9-32.7 98.9-27.8 136.5 10.5l35 35.7 35-35.7c37.8-38.5 97.8-43.2 136.5-10.6 51.1 43.1 43.5 113.9 7.3 150.8z\"><\/path><\/svg>\t\t\t\t\t\t<\/span>\n\t\t\t\t\t\t\t\t\t\t<span class=\"elementor-icon-list-text\">Imam vse, kar potrebujem<\/span>\n\t\t\t\t\t\t\t\t\t<\/li>\n\t\t\t\t\t\t<\/ul>\n\t\t\t\t\t\t<\/div>\n\t\t\t\t<div class=\"elementor-element elementor-element-4468c07 flex-horizontal-align-default flex-horizontal-align-tablet-default flex-horizontal-align-mobile-default flex-vertical-align-default flex-vertical-align-tablet-default flex-vertical-align-mobile-default elementor-widget elementor-widget-thegem-animated-heading\" data-id=\"4468c07\" data-element_type=\"widget\" data-widget_type=\"thegem-animated-heading.default\">\n\t\t\t\t<div class=\"elementor-widget-container\">\n\t\t\t\t\t<div class=\"thegem-heading thegem-animated-heading styled-subtitle\" id=\"thegem-heading-4468c07\"><span>Pomembno pa je, da ne zdrsnemo v toksi\u010dno pozitivnost. Ni treba biti nasmejan 24\/7. Vsa \u010dustva so del izku\u0161nje, pozitivna miselnost pomaga, a ne izklju\u010duje realnih, manj prijetnih ob\u010dutkov. Ravno ravnote\u017eje med obema ustvari zdravo, stabilno samozavest.<\/span> <\/div><style type=\"text\/css\">#thegem-heading-4468c07 {margin: 0;}<\/style>\t\t\t\t<\/div>\n\t\t\t\t<\/div>\n\t\t<div class=\"elementor-element elementor-element-2ac495d e-con-full thegem-e-con-layout-thegem e-flex e-con e-child\" data-id=\"2ac495d\" data-element_type=\"container\" data-settings=\"{&quot;background_background&quot;:&quot;classic&quot;,&quot;thegem_container_layout&quot;:&quot;thegem&quot;}\">\r\n\t\t\t\t<div class=\"elementor-element elementor-element-1ea2908 elementor-absolute flex-horizontal-align-default flex-horizontal-align-tablet-default flex-horizontal-align-mobile-default flex-vertical-align-default flex-vertical-align-tablet-default flex-vertical-align-mobile-default elementor-widget elementor-widget-image\" data-id=\"1ea2908\" data-element_type=\"widget\" data-settings=\"{&quot;_position&quot;:&quot;absolute&quot;}\" data-widget_type=\"image.default\">\n\t\t\t\t\t\t\t\t\t\t\t\t\t\t\t<img width=\"60\" height=\"60\" src=\"https:\/\/pot-srca.si\/wp-content\/uploads\/2025\/09\/srce2.png\" class=\"attachment-full size-full wp-image-33247\" alt=\"\" \/>\t\t\t\t\t\t\t\t\t\t\t\t\t\t\t<\/div>\n\t\t\t\t<div class=\"elementor-element elementor-element-91c1074 flex-horizontal-align-default flex-horizontal-align-tablet-default flex-horizontal-align-mobile-default flex-vertical-align-default flex-vertical-align-tablet-default flex-vertical-align-mobile-default elementor-widget elementor-widget-thegem-animated-heading\" data-id=\"91c1074\" data-element_type=\"widget\" data-widget_type=\"thegem-animated-heading.default\">\n\t\t\t\t<div class=\"elementor-widget-container\">\n\t\t\t\t\t<div class=\"thegem-heading thegem-animated-heading title-h2\" id=\"thegem-heading-91c1074\"><span>\u201cHvale\u017enost te ohranja odprto in poravnano. In prav v tem stanju te najde vse, kar je namenjeno tebi. \u201d<\/span> <\/div><style type=\"text\/css\">#thegem-heading-91c1074 {margin: 0;}<\/style>\t\t\t\t<\/div>\n\t\t\t\t<\/div>\n\t\t\t\t<\/div>\n\t\t\t\t<div class=\"elementor-element elementor-element-91bd505 flex-horizontal-align-default flex-horizontal-align-tablet-default flex-horizontal-align-mobile-default flex-vertical-align-default flex-vertical-align-tablet-default flex-vertical-align-mobile-default elementor-widget elementor-widget-thegem-animated-heading\" data-id=\"91bd505\" data-element_type=\"widget\" data-widget_type=\"thegem-animated-heading.default\">\n\t\t\t\t<div class=\"elementor-widget-container\">\n\t\t\t\t\t<div class=\"thegem-heading thegem-animated-heading styled-subtitle\" id=\"thegem-heading-91bd505\"><span>&quot;Sindrom sre\u010dne pun\u010dke&quot; zdru\u017euje zakon privla\u010dnosti in zakon predpostavke: pozitivno mi\u0161ljenje privla\u010di pozitivne rezultate, tisto, kar imamo za resni\u010dno, pa s\u010dasoma postane na\u0161a realnost. Optimizem in osredoto\u010denost na dobro sta lahko izjemna podpora samozavesti, notranjemu miru in osebni rasti. Do konkretnega cilja pa gremo s planom in trdim delom. <br \/>\n<br \/>\n<\/span> <\/div><style type=\"text\/css\">#thegem-heading-91bd505 {margin: 0;}<\/style>\t\t\t\t<\/div>\n\t\t\t\t<\/div>\n\t\t\t\t<\/div>\n\t\t\t\t\t<\/div>\n\t\t\t\t<\/div>\n\t\t<div class=\"elementor-element elementor-element-10ed25c thegem-e-con-layout-thegem e-flex e-con-boxed e-con e-parent\" data-id=\"10ed25c\" data-element_type=\"container\" data-settings=\"{&quot;thegem_container_layout&quot;:&quot;thegem&quot;}\">\r\n\t\t\t\t\t<div class=\"e-con-inner\">\r\n\t\t<div class=\"elementor-element elementor-element-c2a3026 e-con-full thegem-e-con-layout-thegem e-flex e-con e-child\" data-id=\"c2a3026\" data-element_type=\"container\" data-settings=\"{&quot;background_background&quot;:&quot;classic&quot;,&quot;thegem_container_layout&quot;:&quot;thegem&quot;}\">\r\n\t\t\t\t<div class=\"elementor-element elementor-element-85c93bc elementor-absolute flex-horizontal-align-default flex-horizontal-align-tablet-default flex-horizontal-align-mobile-default flex-vertical-align-default flex-vertical-align-tablet-default flex-vertical-align-mobile-default elementor-widget elementor-widget-image\" data-id=\"85c93bc\" data-element_type=\"widget\" data-settings=\"{&quot;_position&quot;:&quot;absolute&quot;}\" data-widget_type=\"image.default\">\n\t\t\t\t\t\t\t\t\t\t\t\t\t\t\t<img width=\"60\" height=\"60\" src=\"https:\/\/pot-srca.si\/wp-content\/uploads\/2025\/09\/srce2.png\" class=\"attachment-full size-full wp-image-33247\" alt=\"\" \/>\t\t\t\t\t\t\t\t\t\t\t\t\t\t\t<\/div>\n\t\t\t\t<div class=\"elementor-element elementor-element-4ede6cb flex-horizontal-align-default flex-horizontal-align-tablet-default flex-horizontal-align-mobile-default flex-vertical-align-default flex-vertical-align-tablet-default flex-vertical-align-mobile-default elementor-widget elementor-widget-thegem-animated-heading\" data-id=\"4ede6cb\" data-element_type=\"widget\" data-widget_type=\"thegem-animated-heading.default\">\n\t\t\t\t<div class=\"elementor-widget-container\">\n\t\t\t\t\t<div class=\"thegem-heading thegem-animated-heading title-h2\" id=\"thegem-heading-4ede6cb\"><span>\u201cHvale\u017enost te ohranja odprto in poravnano. In prav v tem stanju te najde vse, kar je namenjeno tebi. \u201d<\/span> <\/div><style type=\"text\/css\">#thegem-heading-4ede6cb {margin: 0;}<\/style>\t\t\t\t<\/div>\n\t\t\t\t<\/div>\n\t\t\t\t<\/div>\n\t\t\t\t\t<\/div>\n\t\t\t\t<\/div>\n\t\t\t\t<\/div>\n\t\t","protected":false},"excerpt":{"rendered":"<p>Dvomi vase so stvar preteklosti, nova realnost je vera vase. Malo truda je del procesa, vendar ve\u010d naprezanja ne prinese&#8230;<\/p>\n","protected":false},"author":1,"featured_media":33249,"parent":0,"menu_order":0,"comment_status":"closed","ping_status":"closed","template":"page-fullwidth.php","meta":{"footnotes":""},"class_list":["post-30409","page","type-page","status-publish","has-post-thumbnail"],"_links":{"self":[{"href":"https:\/\/pot-srca.si\/index.php\/wp-json\/wp\/v2\/pages\/30409","targetHints":{"allow":["GET"]}}],"collection":[{"href":"https:\/\/pot-srca.si\/index.php\/wp-json\/wp\/v2\/pages"}],"about":[{"href":"https:\/\/pot-srca.si\/index.php\/wp-json\/wp\/v2\/types\/page"}],"author":[{"embeddable":true,"href":"https:\/\/pot-srca.si\/index.php\/wp-json\/wp\/v2\/users\/1"}],"replies":[{"embeddable":true,"href":"https:\/\/pot-srca.si\/index.php\/wp-json\/wp\/v2\/comments?post=30409"}],"version-history":[{"count":51,"href":"https:\/\/pot-srca.si\/index.php\/wp-json\/wp\/v2\/pages\/30409\/revisions"}],"predecessor-version":[{"id":34049,"href":"https:\/\/pot-srca.si\/index.php\/wp-json\/wp\/v2\/pages\/30409\/revisions\/34049"}],"wp:featuredmedia":[{"embeddable":true,"href":"https:\/\/pot-srca.si\/index.php\/wp-json\/wp\/v2\/media\/33249"}],"wp:attachment":[{"href":"https:\/\/pot-srca.si\/index.php\/wp-json\/wp\/v2\/media?parent=30409"}],"curies":[{"name":"wp","href":"https:\/\/api.w.org\/{rel}","templated":true}]}}