{"id":30342,"date":"2025-09-11T14:08:27","date_gmt":"2025-09-11T14:08:27","guid":{"rendered":"https:\/\/democontent.codex-themes.com\/sites-elementor-v5\/health-wellness-coach\/?page_id=30342"},"modified":"2025-12-11T11:19:35","modified_gmt":"2025-12-11T11:19:35","slug":"pesem-gozda","status":"publish","type":"page","link":"https:\/\/pot-srca.si\/index.php\/pesem-gozda\/","title":{"rendered":"Pesem gozda"},"content":{"rendered":"\t\t<div data-elementor-type=\"wp-page\" data-elementor-id=\"30342\" class=\"elementor elementor-30342\">\n\t\t\t\t<div class=\"elementor-element elementor-element-cd69859 thegem-e-con-layout-thegem e-flex e-con-boxed elementor-invisible e-con e-parent\" data-id=\"cd69859\" data-element_type=\"container\" data-settings=\"{&quot;animation&quot;:&quot;fadeIn&quot;,&quot;animation_delay&quot;:500,&quot;background_background&quot;:&quot;classic&quot;,&quot;thegem_container_layout&quot;:&quot;thegem&quot;}\">\r\n\t\t\t\t\t<div class=\"e-con-inner\">\r\n\t\t<div class=\"elementor-element elementor-element-6a08a9f e-con-full thegem-e-con-layout-thegem e-flex e-con e-child\" data-id=\"6a08a9f\" data-element_type=\"container\" data-settings=\"{&quot;thegem_container_layout&quot;:&quot;thegem&quot;}\">\r\n\t\t\t\t<div class=\"elementor-element elementor-element-4479a93 flex-horizontal-align-default flex-horizontal-align-tablet-default flex-horizontal-align-mobile-default flex-vertical-align-default flex-vertical-align-tablet-default flex-vertical-align-mobile-default elementor-widget elementor-widget-thegem-animated-heading\" data-id=\"4479a93\" data-element_type=\"widget\" data-widget_type=\"thegem-animated-heading.default\">\n\t\t\t\t<div class=\"elementor-widget-container\">\n\t\t\t\t\t<h2 class=\"thegem-heading thegem-animated-heading title-h2\" id=\"thegem-heading-4479a93\"><span>Zvoki, barve, mokra zemlja, sve\u017e zrak ...<\/span> <\/h2><style type=\"text\/css\">#thegem-heading-4479a93 {margin: 0;}<\/style>\t\t\t\t<\/div>\n\t\t\t\t<\/div>\n\t\t\t\t<div class=\"elementor-element elementor-element-0764a48 flex-horizontal-align-default flex-horizontal-align-tablet-default flex-horizontal-align-mobile-default flex-vertical-align-default flex-vertical-align-tablet-default flex-vertical-align-mobile-default elementor-widget elementor-widget-thegem-animated-heading\" data-id=\"0764a48\" data-element_type=\"widget\" data-widget_type=\"thegem-animated-heading.default\">\n\t\t\t\t<div class=\"elementor-widget-container\">\n\t\t\t\t\t<div class=\"thegem-heading thegem-animated-heading styled-subtitle\" id=\"thegem-heading-0764a48\"><span>vse to aktivira parasimpati\u010dni \u017eiv\u010dni sistem. Sr\u010dni \u010dni utrip se umiri, stresni hormoni padejo, telo preide iz \u201cboj ali beg\u201d v \u201czdravljenje in obnovo\u201d.<br \/>\n<br \/>\nGozd je naravni &quot;reset&quot;. Zrak, poln rastlinskih fitoncidov, dokazano zmanj\u0161uje napetost. Misli se upo\u010dasnijo. Pogledi postanejo mehkej\u0161i.<br \/>\n<br \/>\nGozd zdravi \u010dustveno telo. Med drevesi \u010dlovek la\u017eje za\u010duti: kaj je res njegovo, kaj ni. kaj mora spustiti, kaj ga kli\u010de naprej. Narava ne kri\u010di. Samo odseva.<br \/>\n<\/span> <\/div><style type=\"text\/css\">#thegem-heading-0764a48 {margin: 0;}<\/style>\t\t\t\t<\/div>\n\t\t\t\t<\/div>\n\t\t\t\t<\/div>\n\t\t<div class=\"elementor-element elementor-element-f35a0ea e-con-full thegem-e-con-layout-thegem e-flex e-con e-child\" data-id=\"f35a0ea\" data-element_type=\"container\" data-settings=\"{&quot;thegem_container_layout&quot;:&quot;thegem&quot;}\">\r\n\t\t\t\t<div class=\"elementor-element elementor-element-1c32448 flex-horizontal-align-default flex-horizontal-align-tablet-default flex-horizontal-align-mobile-default flex-vertical-align-default flex-vertical-align-tablet-default flex-vertical-align-mobile-default elementor-widget elementor-widget-thegem-animated-heading\" data-id=\"1c32448\" data-element_type=\"widget\" data-widget_type=\"thegem-animated-heading.default\">\n\t\t\t\t<div class=\"elementor-widget-container\">\n\t\t\t\t\t<div class=\"thegem-heading thegem-animated-heading styled-subtitle\" id=\"thegem-heading-1c32448\"><span>Gozd zdravi \u010dustveno telo. Med drevesi \u010dlovek la\u017eje za\u010duti: kaj je res njegovo, kaj ni. kaj mora spustiti, kaj ga kli\u010de naprej. Narava ne kri\u010di. Samo odseva.<br \/>\n<br \/>\nKrepi intuicijo in \u010dutenje. Svet postane glasen, \u010dlovek pa izgubi subtilnost. Gozd pa te naredi spet pozornega na \u0161um, na stopinjo, na sapo. Na signal tvojega telesa.<br \/>\n<br \/>\nGozd daje prostor, ki ga \u010dlovek doma nima. Ni sten, ni pri\u010dakovanj, ni urnikov. Je samo ti\u0161ina, ki te ne sili v praznino, ampak ti dopusti, da se ponovno napolni\u0161.<br \/>\n<\/span> <\/div><style type=\"text\/css\">#thegem-heading-1c32448 {margin: 0;}<\/style>\t\t\t\t<\/div>\n\t\t\t\t<\/div>\n\t\t\t\t<\/div>\n\t\t\t\t\t<\/div>\n\t\t\t\t<\/div>\n\t\t<div class=\"elementor-element elementor-element-10ed25c thegem-e-con-layout-thegem e-flex e-con-boxed e-con e-parent\" data-id=\"10ed25c\" data-element_type=\"container\" data-settings=\"{&quot;background_background&quot;:&quot;classic&quot;,&quot;thegem_container_layout&quot;:&quot;thegem&quot;}\">\r\n\t\t\t\t\t<div class=\"e-con-inner\">\r\n\t\t<div class=\"elementor-element elementor-element-c2a3026 e-con-full thegem-e-con-layout-thegem e-flex e-con e-child\" data-id=\"c2a3026\" data-element_type=\"container\" data-settings=\"{&quot;background_background&quot;:&quot;classic&quot;,&quot;thegem_container_layout&quot;:&quot;thegem&quot;}\">\r\n\t\t\t\t<div class=\"elementor-element elementor-element-85c93bc elementor-absolute flex-horizontal-align-default flex-horizontal-align-tablet-default flex-horizontal-align-mobile-default flex-vertical-align-default flex-vertical-align-tablet-default flex-vertical-align-mobile-default elementor-widget elementor-widget-image\" data-id=\"85c93bc\" data-element_type=\"widget\" data-settings=\"{&quot;_position&quot;:&quot;absolute&quot;}\" data-widget_type=\"image.default\">\n\t\t\t\t\t\t\t\t\t\t\t\t\t\t\t<img width=\"60\" height=\"60\" src=\"https:\/\/pot-srca.si\/wp-content\/uploads\/2025\/09\/srce2.png\" class=\"attachment-full size-full wp-image-33247\" alt=\"\" \/>\t\t\t\t\t\t\t\t\t\t\t\t\t\t\t<\/div>\n\t\t\t\t<div class=\"elementor-element elementor-element-4ede6cb flex-horizontal-align-default flex-horizontal-align-tablet-default flex-horizontal-align-mobile-default flex-vertical-align-default flex-vertical-align-tablet-default flex-vertical-align-mobile-default elementor-widget elementor-widget-thegem-animated-heading\" data-id=\"4ede6cb\" data-element_type=\"widget\" data-widget_type=\"thegem-animated-heading.default\">\n\t\t\t\t<div class=\"elementor-widget-container\">\n\t\t\t\t\t<div class=\"thegem-heading thegem-animated-heading title-h2\" id=\"thegem-heading-4ede6cb\"><span class=\"colored\" style=\"color: #FFFFFF;\">\u201cGozd uravnovesi \u017eiv\u010dni sistem. Krepi intuicijo in \u010dutenje\u201d<\/span> <\/div><style type=\"text\/css\">#thegem-heading-4ede6cb {margin: 0;}<\/style>\t\t\t\t<\/div>\n\t\t\t\t<\/div>\n\t\t\t\t<\/div>\n\t\t\t\t\t<\/div>\n\t\t\t\t<\/div>\n\t\t\t\t<\/div>\n\t\t","protected":false},"excerpt":{"rendered":"<p>Zvoki, barve, mokra zemlja, sve\u017e zrak &#8230; vse to aktivira parasimpati\u010dni \u017eiv\u010dni sistem. Sr\u010dni \u010dni utrip se umiri, stresni hormoni&#8230;<\/p>\n","protected":false},"author":1,"featured_media":33426,"parent":0,"menu_order":0,"comment_status":"closed","ping_status":"closed","template":"page-fullwidth.php","meta":{"footnotes":""},"class_list":["post-30342","page","type-page","status-publish","has-post-thumbnail"],"_links":{"self":[{"href":"https:\/\/pot-srca.si\/index.php\/wp-json\/wp\/v2\/pages\/30342","targetHints":{"allow":["GET"]}}],"collection":[{"href":"https:\/\/pot-srca.si\/index.php\/wp-json\/wp\/v2\/pages"}],"about":[{"href":"https:\/\/pot-srca.si\/index.php\/wp-json\/wp\/v2\/types\/page"}],"author":[{"embeddable":true,"href":"https:\/\/pot-srca.si\/index.php\/wp-json\/wp\/v2\/users\/1"}],"replies":[{"embeddable":true,"href":"https:\/\/pot-srca.si\/index.php\/wp-json\/wp\/v2\/comments?post=30342"}],"version-history":[{"count":26,"href":"https:\/\/pot-srca.si\/index.php\/wp-json\/wp\/v2\/pages\/30342\/revisions"}],"predecessor-version":[{"id":34476,"href":"https:\/\/pot-srca.si\/index.php\/wp-json\/wp\/v2\/pages\/30342\/revisions\/34476"}],"wp:featuredmedia":[{"embeddable":true,"href":"https:\/\/pot-srca.si\/index.php\/wp-json\/wp\/v2\/media\/33426"}],"wp:attachment":[{"href":"https:\/\/pot-srca.si\/index.php\/wp-json\/wp\/v2\/media?parent=30342"}],"curies":[{"name":"wp","href":"https:\/\/api.w.org\/{rel}","templated":true}]}}